{"id":7,"date":"2022-07-08T15:32:45","date_gmt":"2022-07-08T13:32:45","guid":{"rendered":"http:\/\/www.studioplus-nantes.fr\/home\/?page_id=7"},"modified":"2025-04-03T15:33:23","modified_gmt":"2025-04-03T13:33:23","slug":"lagence","status":"publish","type":"page","link":"https:\/\/www.studioplus-nantes.fr\/index.php\/lagence\/","title":{"rendered":"AGENCE"},"content":{"rendered":"<p>[vc_row][vc_column][vc_column_text]<\/p>\n<p style=\"font-weight: 400;\"><strong>Studio<\/strong><span style=\"color: #99cc00;\"><strong>+<\/strong><\/span><strong>\u00a0Architectes\u00a0<\/strong>a \u00e9t\u00e9 cr\u00e9\u00e9 en 2016, en continuit\u00e9 d\u2019un exercice de microentreprise. Ses interventions se r\u00e9partissent g\u00e9ographiquement \u00e0 travers la r\u00e9gion Grand Ouest, en r\u00e9gion parisienne et plus largement sur le territoire fran\u00e7ais.<\/p>\n<p style=\"font-weight: 400;\">L\u2019agence met en \u0153uvre son savoir-faire \u00e0 travers diff\u00e9rents types de projets tant sur des b\u00e2timents existants que dans la construction neuve, avec, \u00e0 chaque fois, la recherche d\u2019un \u00e9quilibre juste entre l\u2019\u00e9criture architecturale, la durabilit\u00e9 et l\u2019\u00e9conomie du projet.<\/p>\n<p style=\"font-weight: 400;\">Aujourd\u2019hui compos\u00e9e de 10 collaborateurs, l\u2019agence s\u2019articule autour d\u2019un g\u00e9rant fondateur, Alban de Roug\u00e9, architecte HMONP inscrit \u00e0 l&rsquo;ordre, d\u2019un associ\u00e9, R\u00e9my Lemoine, dipl\u00f4m\u00e9 en architecture et HMONP.<\/p>\n<p style=\"font-weight: 400;\">En tant que professionnel de la construction, Studio + Architectes propose diff\u00e9rentes approches : l\u2019assistance \u00e0 ma\u00eetrise d\u2019ouvrage, la maitrise d\u2019\u0153uvre en mission compl\u00e8te ou en mission partielle. L\u2019agence sait s\u2019entourer des comp\u00e9tences n\u00e9cessaires pour r\u00e9pondre aux particularit\u00e9s de chaque projet. Au quotidien, elle r\u00e9alise la conception de plans et autres documents graphiques, la r\u00e9daction de descriptifs, la r\u00e9alisation de demandes administratives telles que les demandes de permis de construire et le suivi de l\u2019ex\u00e9cution des travaux. La gestion de la phase chantier est en effet l\u2019assurance du respect des d\u00e9lais fix\u00e9s en amont dans le budget imparti tout en maintenant l\u2019\u00e9criture architecturale propos\u00e9e.<\/p>\n<p style=\"font-weight: 400;\">Aujourd\u2019hui, nos domaines d\u2019interventions sont vari\u00e9s et principalement r\u00e9partis en deux cat\u00e9gories : les \u00e9tablissements recevant du public et l\u2019habitat. L\u2019agence a une habilet\u00e9 dans la r\u00e9alisation de locaux commerciaux et de restauration, et dans le d\u00e9veloppement de nouveaux concepts dans ces domaines. Nos projets d\u2019habitat s\u2019\u00e9tendent de la maison individuelle, en construction neuve, en r\u00e9habilitation ou en extension d\u2019un existant, au logement collectif et \u00e0 l\u2019h\u00e9bergement d\u2019urgence.<\/p>\n<p>\u00a0<\/p>\n<p style=\"text-align: center;\"><strong>Partenaire de Novabuild\u00a0<a href=\"https:\/\/www.novabuild.fr\">https:\/\/www.novabuild.fr<\/a><\/strong><\/p>\n<p style=\"text-align: center;\"><img loading=\"lazy\" decoding=\"async\" class=\"aligncenter wp-image-1708 \" src=\"https:\/\/www.studioplus-nantes.fr\/wp-content\/uploads\/2025\/04\/Logo-Baseline.jpg\" alt=\"\" width=\"334\" height=\"172\" srcset=\"https:\/\/www.studioplus-nantes.fr\/wp-content\/uploads\/2025\/04\/Logo-Baseline.jpg 720w, https:\/\/www.studioplus-nantes.fr\/wp-content\/uploads\/2025\/04\/Logo-Baseline-300x155.jpg 300w\" sizes=\"auto, (max-width: 334px) 100vw, 334px\" \/><\/p>\n<p style=\"font-weight: 400;\">[\/vc_column_text][\/vc_column][\/vc_row][vc_row][vc_column][vc_column_text css=\u00a0\u00bb.vc_custom_1534080110511{margin-top: 50px !important;border-top-width: 50px !important;}\u00a0\u00bb]<\/p>\n<p style=\"font-weight: 400;\"><strong>NOS DOMAINES D&rsquo;EXPERTISE<\/strong><\/p>\n<p style=\"font-weight: 400;\">[\/vc_column_text][\/vc_column][\/vc_row][vc_row el_class=\u00a0\u00bbwork-course\u00a0\u00bb][vc_column width=\u00a0\u00bb1\/3&Prime;][vc_single_image image=\u00a0\u00bb330&Prime; img_size=\u00a0\u00bb100&#215;100&Prime; alignment=\u00a0\u00bbcenter\u00a0\u00bb][vc_text_separator title=\u00a0\u00bbARCHITECTURE\u00a0\u00bb][\/vc_column][vc_column width=\u00a0\u00bb1\/3&Prime;][vc_single_image image=\u00a0\u00bb331&Prime; img_size=\u00a0\u00bb100&#215;100&Prime; alignment=\u00a0\u00bbcenter\u00a0\u00bb][vc_text_separator title=\u00a0\u00bbCREATION DE CONCEPT\u00a0\u00bb][\/vc_column][vc_column width=\u00a0\u00bb1\/3&Prime;][vc_single_image image=\u00a0\u00bb332&Prime; img_size=\u00a0\u00bb100&#215;100&Prime; alignment=\u00a0\u00bbcenter\u00a0\u00bb][vc_text_separator title=\u00a0\u00bbAM\u00c9NAGEMENT INT\u00c9RIEUR\u00a0\u00bb][\/vc_column][\/vc_row][vc_row el_class=\u00a0\u00bbwork-course\u00a0\u00bb][vc_column][vc_column_text css=\u00a0\u00bb.vc_custom_1534080120746{margin-top: 50px !important;border-top-width: 50px !important;}\u00a0\u00bb]<\/p>\n<p style=\"font-weight: 400;\"><strong>NOTRE METHODOLOGIE DE TRAVAIL<\/strong><\/p>\n<p style=\"font-weight: 400;\">[\/vc_column_text][vc_row_inner][vc_column_inner el_class=\u00a0\u00bbwork-course-post\u00a0\u00bb width=\u00a0\u00bb1\/3&Prime;][vc_column_text]<\/p>\n<p style=\"font-weight: 400;\"><strong>Etape 1 \/ Faisabilit\u00e9 &amp; Conseil<\/strong><\/p>\n<p style=\"font-weight: 400;\">\u00c9tape fondamentale lors de laquelle nous essayons de comprendre au mieux votre projet, ses enjeux et ses atouts. Nous analysons le site afin de pr\u00e9venir et anticiper les \u00e9ventuels risques. Toutes ces recommandations seront adapt\u00e9es durant toute la dur\u00e9e du projet.<\/p>\n<p style=\"font-weight: 400;\">[\/vc_column_text][\/vc_column_inner][vc_column_inner width=\u00a0\u00bb1\/3&Prime;][vc_column_text]<\/p>\n<p style=\"font-weight: 400;\"><strong>Etape 2 \/ \u00c9tude de conception<\/strong><\/p>\n<p style=\"font-weight: 400;\">Cette \u00e9tape se d\u00e9roule en 4 temps :<\/p>\n<ul style=\"font-weight: 400;\">\n<li>ESQ &#8211; Esquisse\u00a0<\/li>\n<li>APS\/APD \u2013 Avant-projet sommaire et d\u00e9taill\u00e9<\/li>\n<li>PC &#8211; Dossier de permis de conduire<\/li>\n<li>DCE -Dossier de consultation des entreprises<\/li>\n<\/ul>\n<p style=\"font-weight: 400;\">[\/vc_column_text][\/vc_column_inner][vc_column_inner width=\u00a0\u00bb1\/3&Prime;][vc_column_text]<\/p>\n<p style=\"font-weight: 400;\"><strong>Etape 3 \/ Suivi de chantier<\/strong><\/p>\n<p style=\"font-weight: 400;\">Repr\u00e9sentant un travail important et m\u00e9ticuleux, le suivi de chantier est indispensable afin de coordonner au mieux l&rsquo;ex\u00e9cution des diff\u00e9rentes \u00e9tapes de la construction du projet.<\/p>\n<p style=\"font-weight: 400;\">[\/vc_column_text][\/vc_column_inner][\/vc_row_inner][\/vc_column][\/vc_row][vc_row][vc_column]<\/p>\n<p style=\"font-weight: 400;\"><a href=\"https:\/\/www.studioplus-nantes.fr\/index.php\/nous-contacter\/\"><br \/><\/a><a href=\"https:\/\/www.studioplus-nantes.fr\/index.php\/nous-contacter\/\"><img loading=\"lazy\" decoding=\"async\" class=\"aligncenter wp-image-1248\" src=\"https:\/\/www.studioplus-nantes.fr\/wp-content\/uploads\/2022\/09\/page-accueil-contact2.png\" alt=\"\" width=\"1168\" height=\"242\" srcset=\"https:\/\/www.studioplus-nantes.fr\/wp-content\/uploads\/2022\/09\/page-accueil-contact2.png 592w, https:\/\/www.studioplus-nantes.fr\/wp-content\/uploads\/2022\/09\/page-accueil-contact2-300x62.png 300w\" sizes=\"auto, (max-width: 1168px) 100vw, 1168px\" \/><\/a><\/p>\n<p style=\"font-weight: 400;\">\u00a0<\/p>\n\n\n<div class=\"wp-block-group\"><div class=\"wp-block-group__inner-container is-layout-flow wp-block-group-is-layout-flow\"><div class=\"wp-block-image\">\n<figure class=\"alignleft size-large is-resized\"><a href=\"https:\/\/www.linkedin.com\/company\/studio-architectes\/\"><img loading=\"lazy\" decoding=\"async\" width=\"1024\" height=\"1024\" src=\"https:\/\/www.studioplus-nantes.fr\/wp-content\/uploads\/2020\/06\/linkedin-icon-logo-png-transparent-1024x1024.png\" alt=\"\" class=\"wp-image-813\" style=\"width:43px;height:43px\" srcset=\"https:\/\/www.studioplus-nantes.fr\/wp-content\/uploads\/2020\/06\/linkedin-icon-logo-png-transparent-1024x1024.png 1024w, https:\/\/www.studioplus-nantes.fr\/wp-content\/uploads\/2020\/06\/linkedin-icon-logo-png-transparent-300x300.png 300w, https:\/\/www.studioplus-nantes.fr\/wp-content\/uploads\/2020\/06\/linkedin-icon-logo-png-transparent-150x150.png 150w, https:\/\/www.studioplus-nantes.fr\/wp-content\/uploads\/2020\/06\/linkedin-icon-logo-png-transparent-768x768.png 768w, https:\/\/www.studioplus-nantes.fr\/wp-content\/uploads\/2020\/06\/linkedin-icon-logo-png-transparent-1536x1536.png 1536w, https:\/\/www.studioplus-nantes.fr\/wp-content\/uploads\/2020\/06\/linkedin-icon-logo-png-transparent-2048x2048.png 2048w\" sizes=\"auto, (max-width: 1024px) 100vw, 1024px\" \/><\/a><\/figure><\/div><\/div><\/div>\n\n\n\n<div class=\"wp-block-group\"><div class=\"wp-block-group__inner-container is-layout-flow wp-block-group-is-layout-flow\"><div class=\"wp-block-image\">\n<figure class=\"alignleft size-large is-resized\"><a href=\"https:\/\/www.facebook.com\/pages\/category\/Architectural-Designer\/Studio-Architectes-102574501339772\/\"><img loading=\"lazy\" decoding=\"async\" width=\"512\" height=\"512\" src=\"https:\/\/www.studioplus-nantes.fr\/wp-content\/uploads\/2020\/06\/image.png\" alt=\"\" class=\"wp-image-812\" style=\"width:52px;height:52px\" srcset=\"https:\/\/www.studioplus-nantes.fr\/wp-content\/uploads\/2020\/06\/image.png 512w, https:\/\/www.studioplus-nantes.fr\/wp-content\/uploads\/2020\/06\/image-300x300.png 300w, https:\/\/www.studioplus-nantes.fr\/wp-content\/uploads\/2020\/06\/image-150x150.png 150w\" sizes=\"auto, (max-width: 512px) 100vw, 512px\" \/><\/a><\/figure><\/div><\/div><\/div>\n\n\n\n<p><\/p>\n","protected":false},"excerpt":{"rendered":"<p>[vc_row][vc_column][vc_column_text] Studio+\u00a0Architectes\u00a0a \u00e9t\u00e9 cr\u00e9\u00e9 en 2016, en continuit\u00e9 d\u2019un exercice de microentreprise. Ses interventions se r\u00e9partissent g\u00e9ographiquement \u00e0 travers la r\u00e9gion Grand Ouest, en r\u00e9gion [&hellip;]<\/p>\n","protected":false},"author":1,"featured_media":0,"parent":0,"menu_order":0,"comment_status":"closed","ping_status":"closed","template":"","meta":{"footnotes":""},"class_list":["post-7","page","type-page","status-publish","hentry"],"_links":{"self":[{"href":"https:\/\/www.studioplus-nantes.fr\/index.php\/wp-json\/wp\/v2\/pages\/7","targetHints":{"allow":["GET"]}}],"collection":[{"href":"https:\/\/www.studioplus-nantes.fr\/index.php\/wp-json\/wp\/v2\/pages"}],"about":[{"href":"https:\/\/www.studioplus-nantes.fr\/index.php\/wp-json\/wp\/v2\/types\/page"}],"author":[{"embeddable":true,"href":"https:\/\/www.studioplus-nantes.fr\/index.php\/wp-json\/wp\/v2\/users\/1"}],"replies":[{"embeddable":true,"href":"https:\/\/www.studioplus-nantes.fr\/index.php\/wp-json\/wp\/v2\/comments?post=7"}],"version-history":[{"count":85,"href":"https:\/\/www.studioplus-nantes.fr\/index.php\/wp-json\/wp\/v2\/pages\/7\/revisions"}],"predecessor-version":[{"id":1710,"href":"https:\/\/www.studioplus-nantes.fr\/index.php\/wp-json\/wp\/v2\/pages\/7\/revisions\/1710"}],"wp:attachment":[{"href":"https:\/\/www.studioplus-nantes.fr\/index.php\/wp-json\/wp\/v2\/media?parent=7"}],"curies":[{"name":"wp","href":"https:\/\/api.w.org\/{rel}","templated":true}]}}