{"id":8,"date":"2022-07-08T15:32:24","date_gmt":"2022-07-08T13:32:24","guid":{"rendered":"http:\/\/www.studioplus-nantes.fr\/home\/?page_id=8"},"modified":"2026-02-12T17:20:14","modified_gmt":"2026-02-12T16:20:14","slug":"actualites","status":"publish","type":"page","link":"https:\/\/www.studioplus-nantes.fr\/index.php\/actualites\/","title":{"rendered":"EQUIPE"},"content":{"rendered":"<h5 style=\"text-align: center;\"><img loading=\"lazy\" decoding=\"async\" class=\"aligncenter  wp-image-983\" src=\"https:\/\/www.studioplus-nantes.fr\/wp-content\/uploads\/2022\/06\/Alban-ok-1024x1019.jpg\" alt=\"\" width=\"203\" height=\"202\" srcset=\"https:\/\/www.studioplus-nantes.fr\/wp-content\/uploads\/2022\/06\/Alban-ok-1024x1019.jpg 1024w, https:\/\/www.studioplus-nantes.fr\/wp-content\/uploads\/2022\/06\/Alban-ok-300x300.jpg 300w, https:\/\/www.studioplus-nantes.fr\/wp-content\/uploads\/2022\/06\/Alban-ok-150x150.jpg 150w, https:\/\/www.studioplus-nantes.fr\/wp-content\/uploads\/2022\/06\/Alban-ok-768x765.jpg 768w, https:\/\/www.studioplus-nantes.fr\/wp-content\/uploads\/2022\/06\/Alban-ok.jpg 1117w\" sizes=\"auto, (max-width: 203px) 100vw, 203px\" \/><br \/>Alban de ROUG\u00c9<\/h5>\n<p style=\"text-align: center;\"><em>Architecte inscrit \u00e0 l&rsquo;Ordre<\/em><\/p>\n<p style=\"text-align: center;\"><em>Architecte HMONP<\/em><\/p>\n<p style=\"text-align: center;\">2014 &#8211; Fondateur et g\u00e9rant de l\u2019agence Studio+ architectes (44)<\/p>\n<p style=\"text-align: center;\">2013-14 &#8211; Solar Decathlon Europe 2014, Equipe ATC<\/p>\n<p style=\"text-align: center;\">Responsable r\u00e9alisation, OPC<\/p>\n<h6 style=\"text-align: center;\">Formation<\/h6>\n<p style=\"text-align: center;\">2015 &#8211; HMONP (Habilitation \u00e0 la maitrise d\u2019\u0153uvre en son nom propre)<\/p>\n<p style=\"text-align: center;\">2006-12 &#8211; Dipl\u00f4m\u00e9 de l\u2019ENSA Nantes<\/p>\n<h5 style=\"text-align: center;\">Singularit\u00e9 : l\u2019homme du chantier<\/h5>\n<hr \/>\n<h5><img loading=\"lazy\" decoding=\"async\" class=\"aligncenter wp-image-957\" src=\"https:\/\/www.studioplus-nantes.fr\/wp-content\/uploads\/2022\/04\/Remy-ok-1024x1019.png\" alt=\"\" width=\"200\" height=\"199\" srcset=\"https:\/\/www.studioplus-nantes.fr\/wp-content\/uploads\/2022\/04\/Remy-ok-1024x1019.png 1024w, https:\/\/www.studioplus-nantes.fr\/wp-content\/uploads\/2022\/04\/Remy-ok-300x300.png 300w, https:\/\/www.studioplus-nantes.fr\/wp-content\/uploads\/2022\/04\/Remy-ok-150x150.png 150w, https:\/\/www.studioplus-nantes.fr\/wp-content\/uploads\/2022\/04\/Remy-ok-768x765.png 768w, https:\/\/www.studioplus-nantes.fr\/wp-content\/uploads\/2022\/04\/Remy-ok.png 1117w\" sizes=\"auto, (max-width: 200px) 100vw, 200px\" \/><\/h5>\n<h5 style=\"text-align: center;\">Remy LEMOINE<\/h5>\n<p style=\"text-align: center;\"><em>Dipl\u00f4m\u00e9 d&rsquo;\u00e9tat en architecture<\/em><\/p>\n<p style=\"text-align: center;\"><em>Formation HMONP<\/em><\/p>\n<p style=\"text-align: center;\">2021 &#8211; Associ\u00e9 &amp; Chef de projet, agence Studio+ architectes (44)<\/p>\n<p style=\"text-align: center;\">2018 &#8211; Responsable de projet, agence Studio+ architectes (44)<\/p>\n<p style=\"text-align: center;\">2015-18 &#8211; Collaborateur d\u2019architecte, agence LBLF Architectes (85)<\/p>\n<p style=\"text-align: center;\">2013-14 &#8211; Solar Decathon Europe 2014, Equipe ATC<\/p>\n<p style=\"text-align: center;\">Responsable architecture<\/p>\n<h6 style=\"text-align: center;\">Formation<\/h6>\n<p style=\"text-align: center;\">2019 &#8211; Formation HMONP (Habilitation \u00e0 la maitrise d\u2019\u0153uvre en nom propre)<\/p>\n<p style=\"text-align: center;\">2008-14 &#8211; Dipl\u00f4m\u00e9 de l\u2019ENSA Nantes<\/p>\n<h5 style=\"text-align: center;\">Singularit\u00e9 : curieux par nature<\/h5>\n<hr \/>\n<h5>\u00a0<\/h5>\n<h5 style=\"text-align: center;\">\u00a0<\/h5>\n<h5><img loading=\"lazy\" decoding=\"async\" class=\"aligncenter wp-image-1266\" src=\"https:\/\/www.studioplus-nantes.fr\/wp-content\/uploads\/2023\/04\/Elsa-ok-2-2-1024x1019.png\" alt=\"\" width=\"200\" height=\"199\" srcset=\"https:\/\/www.studioplus-nantes.fr\/wp-content\/uploads\/2023\/04\/Elsa-ok-2-2-1024x1019.png 1024w, https:\/\/www.studioplus-nantes.fr\/wp-content\/uploads\/2023\/04\/Elsa-ok-2-2-300x300.png 300w, https:\/\/www.studioplus-nantes.fr\/wp-content\/uploads\/2023\/04\/Elsa-ok-2-2-150x150.png 150w, https:\/\/www.studioplus-nantes.fr\/wp-content\/uploads\/2023\/04\/Elsa-ok-2-2-768x765.png 768w, https:\/\/www.studioplus-nantes.fr\/wp-content\/uploads\/2023\/04\/Elsa-ok-2-2.png 1117w\" sizes=\"auto, (max-width: 200px) 100vw, 200px\" \/><\/h5>\n<h5 style=\"text-align: center;\">Elsa MILLY<\/h5>\n<p style=\"text-align: center;\"><em>Dipl\u00f4m\u00e9e d&rsquo;\u00e9tat en architecture<\/em><\/p>\n<p style=\"text-align: center;\">2021 &#8211; Assistante de projet, Studio+ architectes (44)<\/p>\n<p style=\"text-align: center;\">2018-19 &#8211; Assistante de projet, Pietri Architectes (75)<\/p>\n<p style=\"text-align: center;\">2017 &#8211; Assistante de projet, Yann Vienot Architecture (75)<\/p>\n<p style=\"text-align: center;\">2016 &#8211; Dessinatrice, P\u00f4le immobilier CPAM (95)<\/p>\n<h6 style=\"text-align: center;\">Formation<\/h6>\n<p style=\"text-align: center;\">2009-15 \u2013 Dipl\u00f4m\u00e9e de l\u2019ENSA Versailles<\/p>\n<hr \/>\n<h5><img loading=\"lazy\" decoding=\"async\" class=\"aligncenter wp-image-1267\" src=\"https:\/\/www.studioplus-nantes.fr\/wp-content\/uploads\/2023\/04\/Melanie-ok-2-1024x1019.png\" alt=\"\" width=\"200\" height=\"199\" srcset=\"https:\/\/www.studioplus-nantes.fr\/wp-content\/uploads\/2023\/04\/Melanie-ok-2-1024x1019.png 1024w, https:\/\/www.studioplus-nantes.fr\/wp-content\/uploads\/2023\/04\/Melanie-ok-2-300x300.png 300w, https:\/\/www.studioplus-nantes.fr\/wp-content\/uploads\/2023\/04\/Melanie-ok-2-150x150.png 150w, https:\/\/www.studioplus-nantes.fr\/wp-content\/uploads\/2023\/04\/Melanie-ok-2-768x765.png 768w, https:\/\/www.studioplus-nantes.fr\/wp-content\/uploads\/2023\/04\/Melanie-ok-2.png 1117w\" sizes=\"auto, (max-width: 200px) 100vw, 200px\" \/><\/h5>\n<h5 style=\"text-align: center;\">M\u00e9lanie GIRARD<\/h5>\n<p style=\"text-align: center;\"><em>Dipl\u00f4m\u00e9e d&rsquo;\u00e9tat en architecture<\/em><\/p>\n<p style=\"text-align: center;\"><em>Formation HMONP<\/em><\/p>\n<p style=\"text-align: center;\">2021 &#8211; Assistante de projet, Studio+ architectes (44)<\/p>\n<p style=\"text-align: center;\">2021 &#8211; Collaboratrice d\u2019architectes, SACS Architecture (45)<\/p>\n<p style=\"text-align: center;\">2020 &#8211; Assistante R&amp;D, Groupe R\u00e9alit\u00e9s (44)<\/p>\n<h6 style=\"text-align: center;\">Formation<\/h6>\n<p style=\"text-align: center;\">2023 &#8211; Formation HMONP (Habilitation \u00e0 la maitrise d\u2019\u0153uvre en nom propre)<\/p>\n<p style=\"text-align: center;\">2013-19 &#8211; Dipl\u00f4m\u00e9e de l\u2019ENSA Nantes<\/p>\n<hr \/>\n<h5><img loading=\"lazy\" decoding=\"async\" class=\"aligncenter wp-image-968\" src=\"https:\/\/www.studioplus-nantes.fr\/wp-content\/uploads\/2022\/04\/Fanny-ok-1024x1019.png\" alt=\"\" width=\"200\" height=\"199\" srcset=\"https:\/\/www.studioplus-nantes.fr\/wp-content\/uploads\/2022\/04\/Fanny-ok-1024x1019.png 1024w, https:\/\/www.studioplus-nantes.fr\/wp-content\/uploads\/2022\/04\/Fanny-ok-300x300.png 300w, https:\/\/www.studioplus-nantes.fr\/wp-content\/uploads\/2022\/04\/Fanny-ok-150x150.png 150w, https:\/\/www.studioplus-nantes.fr\/wp-content\/uploads\/2022\/04\/Fanny-ok-768x765.png 768w, https:\/\/www.studioplus-nantes.fr\/wp-content\/uploads\/2022\/04\/Fanny-ok.png 1117w\" sizes=\"auto, (max-width: 200px) 100vw, 200px\" \/><\/h5>\n<h5 style=\"text-align: center;\">Fanny JOSEPH<\/h5>\n<p style=\"text-align: center;\"><em>Dipl\u00f4m\u00e9e d&rsquo;\u00e9tat en<\/em> architecture<\/p>\n<p style=\"text-align: center;\">2021 &#8211; Assistante de projet, Studio+ architectes (44)<\/p>\n<p style=\"text-align: center;\">2007-2014 &#8211; Graphiste, Ateliers 2\/3\/4 &#8211; Paris (75)<\/p>\n<h6 style=\"text-align: center;\">Formation<\/h6>\n<p style=\"text-align: center;\">2023 &#8211; Dipl\u00f4m\u00e9e de l&rsquo;ENSA Nantes<\/p>\n<hr \/>\n<h5><img loading=\"lazy\" decoding=\"async\" class=\"aligncenter wp-image-1414\" src=\"https:\/\/www.studioplus-nantes.fr\/wp-content\/uploads\/2023\/07\/Patrick-1-1024x1019.png\" alt=\"\" width=\"200\" height=\"199\" srcset=\"https:\/\/www.studioplus-nantes.fr\/wp-content\/uploads\/2023\/07\/Patrick-1-1024x1019.png 1024w, https:\/\/www.studioplus-nantes.fr\/wp-content\/uploads\/2023\/07\/Patrick-1-300x300.png 300w, https:\/\/www.studioplus-nantes.fr\/wp-content\/uploads\/2023\/07\/Patrick-1-150x150.png 150w, https:\/\/www.studioplus-nantes.fr\/wp-content\/uploads\/2023\/07\/Patrick-1-768x765.png 768w, https:\/\/www.studioplus-nantes.fr\/wp-content\/uploads\/2023\/07\/Patrick-1.png 1117w\" sizes=\"auto, (max-width: 200px) 100vw, 200px\" \/><\/h5>\n<h5 style=\"text-align: center;\">Patrick PAUL<\/h5>\n<p style=\"text-align: center;\"><em>Dipl\u00f4m\u00e9 d&rsquo;\u00e9tat en<\/em> architecture<\/p>\n<p style=\"text-align: center;\">2024 &#8211; Assistant de projet, Studio+ architectes (44)<\/p>\n<p style=\"text-align: center;\">2023 &#8211; Dessinateur, Studio+ architectes (44)<\/p>\n<p style=\"text-align: center;\">2022 &#8211; Stage de formation, HOZarchitecture (44)<\/p>\n<h6 style=\"text-align: center;\">Formation<\/h6>\n<p style=\"text-align: center;\">2023 &#8211; Dipl\u00f4m\u00e9 de l&rsquo;ENSA Nantes<\/p>\n<hr \/><hr \/>\n<h5 style=\"text-align: center;\">\u00a0<\/h5>\n<h5 style=\"text-align: center;\"><img loading=\"lazy\" decoding=\"async\" class=\"aligncenter wp-image-1420 \" src=\"https:\/\/www.studioplus-nantes.fr\/wp-content\/uploads\/2023\/08\/ok-2023_NB-995x1024.png\" alt=\"\" width=\"203\" height=\"209\" srcset=\"https:\/\/www.studioplus-nantes.fr\/wp-content\/uploads\/2023\/08\/ok-2023_NB-995x1024.png 995w, https:\/\/www.studioplus-nantes.fr\/wp-content\/uploads\/2023\/08\/ok-2023_NB-292x300.png 292w, https:\/\/www.studioplus-nantes.fr\/wp-content\/uploads\/2023\/08\/ok-2023_NB-768x790.png 768w, https:\/\/www.studioplus-nantes.fr\/wp-content\/uploads\/2023\/08\/ok-2023_NB-1492x1536.png 1492w, https:\/\/www.studioplus-nantes.fr\/wp-content\/uploads\/2023\/08\/ok-2023_NB-1990x2048.png 1990w\" sizes=\"auto, (max-width: 203px) 100vw, 203px\" \/><span style=\"font-size: revert; font-weight: revert;\">Laura JAMELOT<\/span><\/h5>\n<p style=\"text-align: center;\"><em>Assistante de Direction<\/em><\/p>\n<h6 style=\"text-align: center;\">Formation<\/h6>\n<p style=\"text-align: center;\">2023 &#8211; Certification Attach\u00e9e de Direction en alternance &#8211; Studio+ architectes &amp; Pigier (44)<\/p>\n<p style=\"text-align: center;\">2016 &#8211; Licence Am\u00e9nagement des paysages : gestion et conduite de projets paysagers et environnementaux &#8211; IGARUN (44)<\/p>\n<p style=\"text-align: center;\">2015 &#8211; DEUG de g\u00e9ographie : Am\u00e9nagement des littoraux &#8211; IGARUN (44)<\/p>\n<hr \/>\n<h5 style=\"text-align: center;\">\u00a0<\/h5>\n<h5>\u00a0<\/h5>\n<h5>Ils sont pass\u00e9s par l&rsquo;agence<\/h5>\n<p>Vincent Prault, Ma\u00eblle Eyherabide, Julie Guillon, Constance M\u00e9ritet, Caroline Michel, Matthis Degr\u00e9e, Edwige d&rsquo;Hautefeuille, Silvia Fioravanti, Clara Boceno, Margaux Vervey, Sabrina Djuricic<\/p>\n\n\n<p><\/p>\n","protected":false},"excerpt":{"rendered":"<p>Alban de ROUG\u00c9 Architecte inscrit \u00e0 l&rsquo;Ordre Architecte HMONP 2014 &#8211; Fondateur et g\u00e9rant de l\u2019agence Studio+ architectes (44) 2013-14 &#8211; Solar Decathlon Europe 2014, [&hellip;]<\/p>\n","protected":false},"author":1,"featured_media":0,"parent":0,"menu_order":0,"comment_status":"closed","ping_status":"closed","template":"","meta":{"footnotes":""},"class_list":["post-8","page","type-page","status-publish","hentry"],"_links":{"self":[{"href":"https:\/\/www.studioplus-nantes.fr\/index.php\/wp-json\/wp\/v2\/pages\/8","targetHints":{"allow":["GET"]}}],"collection":[{"href":"https:\/\/www.studioplus-nantes.fr\/index.php\/wp-json\/wp\/v2\/pages"}],"about":[{"href":"https:\/\/www.studioplus-nantes.fr\/index.php\/wp-json\/wp\/v2\/types\/page"}],"author":[{"embeddable":true,"href":"https:\/\/www.studioplus-nantes.fr\/index.php\/wp-json\/wp\/v2\/users\/1"}],"replies":[{"embeddable":true,"href":"https:\/\/www.studioplus-nantes.fr\/index.php\/wp-json\/wp\/v2\/comments?post=8"}],"version-history":[{"count":121,"href":"https:\/\/www.studioplus-nantes.fr\/index.php\/wp-json\/wp\/v2\/pages\/8\/revisions"}],"predecessor-version":[{"id":1843,"href":"https:\/\/www.studioplus-nantes.fr\/index.php\/wp-json\/wp\/v2\/pages\/8\/revisions\/1843"}],"wp:attachment":[{"href":"https:\/\/www.studioplus-nantes.fr\/index.php\/wp-json\/wp\/v2\/media?parent=8"}],"curies":[{"name":"wp","href":"https:\/\/api.w.org\/{rel}","templated":true}]}}