{"id":940,"date":"2022-02-22T15:52:33","date_gmt":"2022-02-22T14:52:33","guid":{"rendered":"https:\/\/www.studioplus-nantes.fr\/?page_id=940"},"modified":"2024-05-28T16:59:25","modified_gmt":"2024-05-28T14:59:25","slug":"recrutement","status":"publish","type":"page","link":"https:\/\/www.studioplus-nantes.fr\/index.php\/recrutement\/","title":{"rendered":"RECRUTEMENT"},"content":{"rendered":"<p>[vc_row][vc_column][vc_column_text]<\/p>\n<p><strong>Studio<span style=\"color: #11d111;\">+<\/span> Architectes&nbsp;<\/strong>recrute !<\/p>\n<p>[\/vc_column_text][\/vc_column][\/vc_row]<\/p>\n\n\n<p>[vc_row] [vc_column][vc_column_text]<\/p>\n<p>Tu es \u00e9tudiant(e) et tu recherches une entreprise pour t&rsquo;accueillir en stage ?<\/p>\n<p>-Stage Architecte Bac+3\/4<\/p>\n<p>Nous recherchons des collaborateurs aimant travailler en environnement TPE. Tu int\u00e8gres une entreprise d&rsquo;architecture en plein d\u00e9veloppement. Si tu aimes les d\u00e9fis, travailler en autonomie et que tu es conscient que ton travail aura un impact direct sur notre entreprise&#8230; alors rejoins-nous !<\/p>\n<p>[\/vc_column_text][\/vc_column][\/vc_row]<\/p>\n\n\n\n<p>[vc_row][vc_column][vc_column_text css=\u00a0\u00bb.vc_custom_1534080110511{margin-top: 50px !important;border-top-width: 50px !important;}\u00a0\u00bb]<\/p>\n\n\n\n<p>22 avenue F\u00e9lix Vincent&nbsp;<\/p>\n\n\n\n<p>44700 Orvault<\/p>\n\n\n\n<p>02 28 08 95 14<\/p>\n\n\n\n<p><\/p>\n\n\n\n<p>[vc_separator]<div role=\"form\" class=\"wpcf7\" id=\"wpcf7-f936-o1\" lang=\"fr-FR\" dir=\"ltr\">\n<div class=\"screen-reader-response\"><p role=\"status\" aria-live=\"polite\" aria-atomic=\"true\"><\/p> <ul><\/ul><\/div>\n<form action=\"\/index.php\/wp-json\/wp\/v2\/pages\/940#wpcf7-f936-o1\" method=\"post\" class=\"wpcf7-form init\" enctype=\"multipart\/form-data\" novalidate=\"novalidate\" data-status=\"init\">\n<div style=\"display: none;\">\n<input type=\"hidden\" name=\"_wpcf7\" value=\"936\" \/>\n<input type=\"hidden\" name=\"_wpcf7_version\" value=\"5.5.5\" \/>\n<input type=\"hidden\" name=\"_wpcf7_locale\" value=\"fr_FR\" \/>\n<input type=\"hidden\" name=\"_wpcf7_unit_tag\" value=\"wpcf7-f936-o1\" \/>\n<input type=\"hidden\" name=\"_wpcf7_container_post\" value=\"0\" \/>\n<input type=\"hidden\" name=\"_wpcf7_posted_data_hash\" value=\"\" \/>\n<\/div>\n<p><span class=\"wpcf7-form-control-wrap Joindreunfichier\"><input type=\"file\" name=\"Joindreunfichier\" size=\"40\" class=\"wpcf7-form-control wpcf7-file\" accept=\".jpg,.jpeg,.png,.gif,.pdf,.doc,.docx,.ppt,.pptx,.odt,.avi,.ogg,.m4a,.mov,.mp3,.mp4,.mpg,.wav,.wmv\" aria-invalid=\"false\" \/><\/span><\/p>\n<p><label> Votre nom (obligatoire)<br \/>\n    <span class=\"wpcf7-form-control-wrap your-name\"><input type=\"text\" name=\"your-name\" value=\"\" size=\"40\" class=\"wpcf7-form-control wpcf7-text wpcf7-validates-as-required\" aria-required=\"true\" aria-invalid=\"false\" \/><\/span> <\/label><\/p>\n<p><label> Votre mail (obligatoire)<br \/>\n    <span class=\"wpcf7-form-control-wrap your-email\"><input type=\"email\" name=\"your-email\" value=\"\" size=\"40\" class=\"wpcf7-form-control wpcf7-text wpcf7-email wpcf7-validates-as-required wpcf7-validates-as-email\" aria-required=\"true\" aria-invalid=\"false\" \/><\/span> <\/label><\/p>\n<p><label> Objet<br \/>\n    <span class=\"wpcf7-form-control-wrap your-subject\"><input type=\"text\" name=\"your-subject\" value=\"\" size=\"40\" class=\"wpcf7-form-control wpcf7-text\" aria-invalid=\"false\" \/><\/span> <\/label><\/p>\n<p><label> Votre message<br \/>\n    <span class=\"wpcf7-form-control-wrap your-message\"><textarea name=\"your-message\" cols=\"40\" rows=\"10\" class=\"wpcf7-form-control wpcf7-textarea\" aria-invalid=\"false\"><\/textarea><\/span> <\/label><\/p>\n<p><input type=\"submit\" value=\"Envoyer\" class=\"wpcf7-form-control has-spinner wpcf7-submit\" \/><\/p>\n<div class=\"wpcf7-response-output\" aria-hidden=\"true\"><\/div><\/form><\/div>\n","protected":false},"excerpt":{"rendered":"<p>[vc_row][vc_column][vc_column_text css=\u00a0\u00bb.vc_custom_1534080110511{margin-top: 50px !important;border-top-width: 50px !important;}\u00a0\u00bb] 22 avenue F\u00e9lix Vincent&nbsp; 44700 Orvault 02 28 08 95 14 [vc_separator]<\/p>\n","protected":false},"author":1,"featured_media":0,"parent":0,"menu_order":0,"comment_status":"closed","ping_status":"closed","template":"","meta":{"footnotes":""},"class_list":["post-940","page","type-page","status-publish","hentry"],"_links":{"self":[{"href":"https:\/\/www.studioplus-nantes.fr\/index.php\/wp-json\/wp\/v2\/pages\/940","targetHints":{"allow":["GET"]}}],"collection":[{"href":"https:\/\/www.studioplus-nantes.fr\/index.php\/wp-json\/wp\/v2\/pages"}],"about":[{"href":"https:\/\/www.studioplus-nantes.fr\/index.php\/wp-json\/wp\/v2\/types\/page"}],"author":[{"embeddable":true,"href":"https:\/\/www.studioplus-nantes.fr\/index.php\/wp-json\/wp\/v2\/users\/1"}],"replies":[{"embeddable":true,"href":"https:\/\/www.studioplus-nantes.fr\/index.php\/wp-json\/wp\/v2\/comments?post=940"}],"version-history":[{"count":9,"href":"https:\/\/www.studioplus-nantes.fr\/index.php\/wp-json\/wp\/v2\/pages\/940\/revisions"}],"predecessor-version":[{"id":1616,"href":"https:\/\/www.studioplus-nantes.fr\/index.php\/wp-json\/wp\/v2\/pages\/940\/revisions\/1616"}],"wp:attachment":[{"href":"https:\/\/www.studioplus-nantes.fr\/index.php\/wp-json\/wp\/v2\/media?parent=940"}],"curies":[{"name":"wp","href":"https:\/\/api.w.org\/{rel}","templated":true}]}}